{"id":162,"date":"2015-09-02T18:14:30","date_gmt":"2015-09-02T18:14:30","guid":{"rendered":"http:\/\/hercigonja-stolarija.hr\/?page_id=162"},"modified":"2022-08-30T23:38:34","modified_gmt":"2022-08-30T23:38:34","slug":"hamag-bicro","status":"publish","type":"page","link":"https:\/\/hercigonja-stolarija.hr\/?page_id=162","title":{"rendered":"HAMAG BICRO"},"content":{"rendered":"<p style=\"text-align: left;\"><img loading=\"lazy\" class=\"wp-image-163 alignleft\" src=\"http:\/\/hercigonja-stolarija.hr\/wp-content\/uploads\/2015\/09\/hamag_geNZRgn.jpg\" alt=\"hamag_geNZRgn\" width=\"218\" height=\"73\" srcset=\"https:\/\/hercigonja-stolarija.hr\/wp-content\/uploads\/2015\/09\/hamag_geNZRgn.jpg 700w, https:\/\/hercigonja-stolarija.hr\/wp-content\/uploads\/2015\/09\/hamag_geNZRgn-300x101.jpg 300w\" sizes=\"(max-width: 218px) 100vw, 218px\" \/>Tvrtka HERCIGONJA STOLARIJA d.o.o. je u periodu od 09.10.2014. do 09.07.2015. provela projekt uvo\u0111enja nove tehnologije u proizvodnju te je implementirala sustav kvalitete prema ISO 9001:2008 normi. U sklopu predmetnog projekta, uspje\u0161no su zavr\u0161ene aktivnosti uvo\u0111enja nove tehnologije za modernizaciju i pove\u0107anje obujma proizvodnje te izrade, edukacije i implementacije sustava za upravljanje kvalitetom. Projekt je sufinanciran od strane HAMAG-BICRO u sklopu Poduzetni\u010dkog Impulsa 2014 &#8211; Prioriteta 1: Ja\u010danje konkurentnosti malog gospodarstva, mjere A1 &#8211; Mikro poduzetni\u0161tvo i obrt.<\/p>\n\n\n<p><strong><a href=\"https:\/\/hercigonja-stolarija.hr\/?page_id=224\" data-type=\"URL\" data-id=\"https:\/\/hercigonja-stolarija.hr\/?page_id=224\">Obavijest o projektu ReactEU<\/a><\/strong><\/p>\n","protected":false},"excerpt":{"rendered":"<p>Tvrtka HERCIGONJA STOLARIJA d.o.o. je u periodu od 09.10.2014. do 09.07.2015. provela projekt uvo\u0111enja nove tehnologije u proizvodnju te je implementirala sustav kvalitete prema ISO 9001:2008 normi. U sklopu predmetnog projekta, uspje\u0161no su zavr\u0161ene aktivnosti uvo\u0111enja nove tehnologije za modernizaciju i pove\u0107anje obujma proizvodnje te izrade, edukacije i implementacije sustava za upravljanje kvalitetom. Projekt je [&hellip;]<\/p>\n","protected":false},"author":2,"featured_media":0,"parent":0,"menu_order":0,"comment_status":"closed","ping_status":"closed","template":"template_fullwidth.php","meta":{"ngg_post_thumbnail":0},"_links":{"self":[{"href":"https:\/\/hercigonja-stolarija.hr\/index.php?rest_route=\/wp\/v2\/pages\/162"}],"collection":[{"href":"https:\/\/hercigonja-stolarija.hr\/index.php?rest_route=\/wp\/v2\/pages"}],"about":[{"href":"https:\/\/hercigonja-stolarija.hr\/index.php?rest_route=\/wp\/v2\/types\/page"}],"author":[{"embeddable":true,"href":"https:\/\/hercigonja-stolarija.hr\/index.php?rest_route=\/wp\/v2\/users\/2"}],"replies":[{"embeddable":true,"href":"https:\/\/hercigonja-stolarija.hr\/index.php?rest_route=%2Fwp%2Fv2%2Fcomments&post=162"}],"version-history":[{"count":10,"href":"https:\/\/hercigonja-stolarija.hr\/index.php?rest_route=\/wp\/v2\/pages\/162\/revisions"}],"predecessor-version":[{"id":265,"href":"https:\/\/hercigonja-stolarija.hr\/index.php?rest_route=\/wp\/v2\/pages\/162\/revisions\/265"}],"wp:attachment":[{"href":"https:\/\/hercigonja-stolarija.hr\/index.php?rest_route=%2Fwp%2Fv2%2Fmedia&parent=162"}],"curies":[{"name":"wp","href":"https:\/\/api.w.org\/{rel}","templated":true}]}}