{"id":2,"date":"2011-05-11T20:18:00","date_gmt":"2011-05-11T20:18:00","guid":{"rendered":"http:\/\/hercigonja-stolarija.hr\/?page_id=2"},"modified":"2018-03-26T09:42:00","modified_gmt":"2018-03-26T09:42:00","slug":"primjer-stranice","status":"publish","type":"page","link":"https:\/\/hercigonja-stolarija.hr\/?page_id=2","title":{"rendered":"Ukratko o nama"},"content":{"rendered":"<p>&nbsp;<\/p>\n<p><a href=\"http:\/\/hercigonja-stolarija.hr\/wp-content\/uploads\/2018\/03\/IMG_5402.jpg\"><img loading=\"lazy\" class=\"alignnone wp-image-179\" src=\"http:\/\/hercigonja-stolarija.hr\/wp-content\/uploads\/2018\/03\/IMG_5402-300x225.jpg\" alt=\"\" width=\"257\" height=\"193\" srcset=\"https:\/\/hercigonja-stolarija.hr\/wp-content\/uploads\/2018\/03\/IMG_5402-300x225.jpg 300w, https:\/\/hercigonja-stolarija.hr\/wp-content\/uploads\/2018\/03\/IMG_5402.jpg 640w\" sizes=\"(max-width: 257px) 100vw, 257px\" \/><\/a><\/p>\n<p>&nbsp;<\/p>\n<p>&nbsp;<\/p>\n<p>&nbsp;<\/p>\n<p>&nbsp;<\/p>\n<p>&nbsp;<\/p>\n<p>Hercigonja stolarija osnovana je prije 40 godina u Zagrebu. Danas svoju stolarsku tradiciju nastavlja u Gornjem Stupniku, Svetog&nbsp; Benedikta 34, gdje se nalazi i proizvodni pogon. Trenutno zapo\u0161ljava 16 uposlenika sa stru\u010dnim obrazovanjem u drvnoj industriji. Sam proizvodni program &#8220;Hercigonja &#8211; stolarije&#8221; obuhva\u0107a ure\u0111enje svih vrsta objekata, a \u0161to uklju\u010duje izradu vanjske i unutarnje stolarije, ugradbenih ormara po mjeri, pregradnih stijena itd. Kod svake izvedbe mo\u017ee se do\u0107i sa vlastitom idejom i nacrtom, ali i ostaviti slobodne ruke stolarima, koji \u0107e u dogovoru s naru\u010diteljem zadovoljiti \u017eelje kupca.<\/p>\n<p>&nbsp;<\/p>\n<p>Na\u0111ite nas i na:<\/p>\n<p><a href=\"https:\/\/www.google.hr\/maps\/@45.7496103,15.8540476,17z\/data=!4m3!11m2!2s1BgMTemMsup9c6dhO9GxyisFUnqQ!3e3?hl=en\">https:\/\/www.google.hr\/maps\/@45.7496103,15.8540476,17z\/data=!4m3!11m2!2s1BgMTemMsup9c6dhO9GxyisFUnqQ!3e3?hl=en<\/a><\/p>\n<p align=\"left\">\n<small><\/small><\/p>\n","protected":false},"excerpt":{"rendered":"<p>&nbsp; &nbsp; &nbsp; &nbsp; &nbsp; &nbsp; Hercigonja stolarija osnovana je prije 40 godina u Zagrebu. Danas svoju stolarsku tradiciju nastavlja u Gornjem Stupniku, Svetog&nbsp; Benedikta 34, gdje se nalazi i proizvodni pogon. Trenutno zapo\u0161ljava 16 uposlenika sa stru\u010dnim obrazovanjem u drvnoj industriji. Sam proizvodni program &#8220;Hercigonja &#8211; stolarije&#8221; obuhva\u0107a ure\u0111enje svih vrsta objekata, a \u0161to [&hellip;]<\/p>\n","protected":false},"author":2,"featured_media":0,"parent":0,"menu_order":0,"comment_status":"open","ping_status":"open","template":"template_contact.php","meta":{"ngg_post_thumbnail":0},"_links":{"self":[{"href":"https:\/\/hercigonja-stolarija.hr\/index.php?rest_route=\/wp\/v2\/pages\/2"}],"collection":[{"href":"https:\/\/hercigonja-stolarija.hr\/index.php?rest_route=\/wp\/v2\/pages"}],"about":[{"href":"https:\/\/hercigonja-stolarija.hr\/index.php?rest_route=\/wp\/v2\/types\/page"}],"author":[{"embeddable":true,"href":"https:\/\/hercigonja-stolarija.hr\/index.php?rest_route=\/wp\/v2\/users\/2"}],"replies":[{"embeddable":true,"href":"https:\/\/hercigonja-stolarija.hr\/index.php?rest_route=%2Fwp%2Fv2%2Fcomments&post=2"}],"version-history":[{"count":10,"href":"https:\/\/hercigonja-stolarija.hr\/index.php?rest_route=\/wp\/v2\/pages\/2\/revisions"}],"predecessor-version":[{"id":188,"href":"https:\/\/hercigonja-stolarija.hr\/index.php?rest_route=\/wp\/v2\/pages\/2\/revisions\/188"}],"wp:attachment":[{"href":"https:\/\/hercigonja-stolarija.hr\/index.php?rest_route=%2Fwp%2Fv2%2Fmedia&parent=2"}],"curies":[{"name":"wp","href":"https:\/\/api.w.org\/{rel}","templated":true}]}}